{"id":751,"date":"2021-03-11T04:09:03","date_gmt":"2021-03-11T04:09:03","guid":{"rendered":"https:\/\/beragua.com\/?page_id=751\/"},"modified":"2021-03-11T04:09:03","modified_gmt":"2021-03-11T04:09:03","slug":"politica-de-privacidad","status":"publish","type":"page","link":"https:\/\/beragua.com\/es\/politica-de-privacidad\/","title":{"rendered":"Pol\u00edtica de privacidad"},"content":{"rendered":"<p>La utilizaci\u00f3n de esta web y de sus formularios requiere la aceptaci\u00f3n del tratamiento de los datos del usuario conforme a esta pol\u00edtica de privacidad, incluyendo la recopilaci\u00f3n de datos de acceso y el env\u00edo de informaci\u00f3n por v\u00eda electr\u00f3nica.<\/p>\n<p><strong>Responsable del tratamiento de los datos e informaci\u00f3n de contacto<\/strong><\/p>\n<p>Beragua Advisory S.L. es responsable del tratamiento de los datos personales que realiza y de su responsabilidad.<\/p>\n<p>Beragua Advisory S.L. ser\u00e1 la responsable del cumplimiento de las obligaciones exigidas por el Reglamento (UE) 2016\/679 del Parlamento europeo y del Consejo de 27 de abril de 2016 (en adelante, RGPD o el Reglamento), especialmente, en cuanto a los siguientes aspectos:<\/p>\n<ul>\n<li>Ejercicio de derechos de los interesados<\/li>\n<li>Obligaciones del deber de informar indicados por la normativa de protecci\u00f3n de datos.<\/li>\n<\/ul>\n<p>Datos de contacto de Beragua Advisory S.L.:<br \/>\nDirecci\u00f3n: Calle Triana 31, 28016 Madrid<br \/>\nDelegado de datos: info@beragua.com<\/p>\n<p><strong>Finalidad del tratamiento de los datos<\/strong><\/p>\n<p>Los datos que recabamos en esta web se tratan con el objetivo de proporcionar acceso a los contenidos en l\u00ednea de la misma, as\u00ed como atender las solicitudes de los usuarios de la web, llevar un registro de visitas (direcciones IP, datos del navegador, pa\u00eds, p\u00e1gina accedida, etc) a efectos estad\u00edsticos, aplicar medidas encaminadas a la seguridad de la web, as\u00ed como en su caso enviarle por medios electr\u00f3nicos informaci\u00f3n sobre la compa\u00f1\u00eda.<\/p>\n<p>En caso de cumplimentar alguno de los formularios ser\u00e1 necesario facilitar determinados datos personales, los cuales se tratar\u00e1n para la finalidad para la que se solicitan.<\/p>\n<p>Asimismo, las localizaciones de Beragua Advisory S.L. est\u00e1n equipadas con sistemas de videovigilancia con el fin de controlar el acceso a las instalaciones, as\u00ed como con fines de seguridad de las mismas.<\/p>\n<p><strong>Legitimaci\u00f3n<\/strong><\/p>\n<ul>\n<li>Tanto los datos del sitio web al aceptar las condiciones en el formulario de contacto como en la notificaci\u00f3n de utilizaci\u00f3n de cookies, los datos personales se tratan en base al consentimiento expreso del usuario.<\/li>\n<li>Asimismo, en el caso de videovigilancia, tratamos los datos en cumplimiento de una misi\u00f3n de inter\u00e9s p\u00fablico (la seguridad de personas, bienes e instalaciones).<\/li>\n<\/ul>\n<p><strong>Plazo de conservaci\u00f3n de los datos<\/strong><\/p>\n<p>Al menos durante los plazos establecidos por la legislaci\u00f3n aplicable y en todo caso mientras se mantenga la vigencia del consentimiento o existan obligaciones contractuales derivadas de los servicios solicitados.<\/p>\n<p><strong>Derechos de las personas<\/strong><\/p>\n<p>Los interesados tienen derecho a:<\/p>\n<ul>\n<li>obtener confirmaci\u00f3n sobre si en Beragua Advisory S.L. est\u00e1 tratado datos personales que les conciernan o no,<\/li>\n<li>acceder, rectificar y suprimir sus datos,<\/li>\n<li>solicitar la portabilidad de sus datos,<\/li>\n<li>oponerse al tratamiento o solicitar su limitaci\u00f3n,<\/li>\n<li>retirar el consentimiento prestado, en su caso.<\/li>\n<\/ul>\n<p>Para ello pueden enviar su solicitud por correo electr\u00f3nico, escribiendo en el asunto \u00abProtecci\u00f3n de datos\u00bb a la direcci\u00f3n info@beragua.com o dirigi\u00e9ndose por escrito a la direcci\u00f3n, Calle Triana 31, 28016 Madrid.<\/p>\n<p><strong>En cualquier caso, el titular de los datos deber\u00e1 adjuntar a la solicitud la fotocopia su DNI.<\/strong><\/p>\n<p>No obstante, le informamos de que tiene derecho a presentar una reclamaci\u00f3n ante la Agencia Espa\u00f1ola de Protecci\u00f3n de Datos si considera que se ha cometido una infracci\u00f3n de la legislaci\u00f3n en materia de protecci\u00f3n de datos respecto al tratamiento de sus datos personales.<\/p>\n<p><strong>Destinatarios a los que se comunican los datos<\/strong><\/p>\n<p>Beragua Advisory S.L. no ceder\u00e1 sus datos a terceros, salvo a prestadores de servicios necesarios para gestionar y mantener la relaci\u00f3n y servicios solicitados por el interesado o por obligaci\u00f3n legal.<\/p>\n<p>En cualquier caso, la comunicaci\u00f3n de datos se realizar\u00e1 siempre dentro del Espacio Econ\u00f3mico Europeo (EEE).<\/p>\n<p><strong>Veracidad y actualizaci\u00f3n de los datos<\/strong><\/p>\n<p>El usuario debe rellenar los formularios con datos verdaderos, exactos, completos y actuales. El usuario no introducir\u00e1 datos correspondientes a otra persona; presumir\u00e1 que los datos han sido facilitados por el titular de los mismos. El usuario ser\u00e1 el \u00fanico responsable de cualquier da\u00f1o o perjuicio, directo o indirecto que pudiera ocasionar a cualquier persona a causa de la cumplimentaci\u00f3n del formulario con datos falsos, inexactos, incompletos o no actualizados o relativos a otra persona.<\/p>\n<p>El usuario debe comunicar cualquier modificaci\u00f3n en los datos proporcionados con el fin de mantener sus datos debidamente actualizados.<\/p>\n<p><strong>Seguridad de la informaci\u00f3n<\/strong><\/p>\n<p>Beragua ha tomado todas las medidas legalmente requeridas para la protecci\u00f3n de datos personales; asimismo, ha adoptado todos los dispositivos t\u00e9cnicos a su alcance para evitar la p\u00e9rdida, el mal uso, la alteraci\u00f3n, el acceso o el robo de los datos personales facilitados por los usuarios de la web. El usuario tendr\u00e1 en cuenta, sin embargo, que las medidas de seguridad en Internet no son absolutamente inviolables.<\/p>\n<p><strong>Anal\u00edticas Web<\/strong><\/p>\n<p>Esta web emplea diversas anal\u00edticas para conocer la manera en que es buscada, accedida y utilizada por el p\u00fablico. Estas anal\u00edticas pueden implicar la recopilaci\u00f3n de datos de car\u00e1cter personal como por ejemplo la direcci\u00f3n IP, la localizaci\u00f3n de la conexi\u00f3n, la informaci\u00f3n sobre el software o hardware de navegaci\u00f3n, etc. Esta informaci\u00f3n no se asocia a los usuarios y se utiliza con la finalidad exclusiva de obtener informaci\u00f3n estad\u00edstica sobre el uso de la web de la empresa.<\/p>\n<p><strong>Utilizaci\u00f3n de funciones y complementos de terceros<\/strong><\/p>\n<p>Esta web puede incorporar funciones y complementos proporcionados por terceros para diversas finalidades, como, por ejemplo:<\/p>\n<ul>\n<li>Anal\u00edticas web de terceros<\/li>\n<li>Mapas de terceros<\/li>\n<li>V\u00eddeos de terceros<\/li>\n<li>Compartici\u00f3n en redes sociales<\/li>\n<li>Una funci\u00f3n o complemento de un tercero establece una conexi\u00f3n directa entre el navegador del usuario y los dominios de Internet controlados por el tercero, permitiendo la descarga y ejecuci\u00f3n de la funci\u00f3n. Asimismo, la mayor\u00eda de complementos de terceros recopilan qu\u00e9 p\u00e1ginas visitan los usuarios para conocer sus intereses y poder ofrecerle posteriormente publicidad adaptada a los mismos.<\/li>\n<\/ul>\n<p><strong>Legislaci\u00f3n aplicable y jurisdicci\u00f3n competente<\/strong><\/p>\n<p>Toda controversia derivada de cuestiones referentes al Sitio Web ser\u00e1 sometida a la competencia y jurisdicci\u00f3n exclusiva de los Tribunales de la ciudad de Madrid.<\/p>\n","protected":false},"excerpt":{"rendered":"<p>La utilizaci\u00f3n de esta web y de sus formularios requiere la aceptaci\u00f3n del tratamiento de los datos del usuario conforme a esta pol\u00edtica de privacidad, incluyendo la recopilaci\u00f3n de datos de acceso y el env\u00edo de informaci\u00f3n por v\u00eda electr\u00f3nica. Responsable del tratamiento de los datos e informaci\u00f3n de contacto Beragua Advisory S.L. es responsable [&hellip;]<\/p>\n","protected":false},"author":1,"featured_media":0,"parent":0,"menu_order":0,"comment_status":"closed","ping_status":"closed","template":"","meta":{"footnotes":""},"acf":[],"_links":{"self":[{"href":"https:\/\/beragua.com\/es\/wp-json\/wp\/v2\/pages\/751"}],"collection":[{"href":"https:\/\/beragua.com\/es\/wp-json\/wp\/v2\/pages"}],"about":[{"href":"https:\/\/beragua.com\/es\/wp-json\/wp\/v2\/types\/page"}],"author":[{"embeddable":true,"href":"https:\/\/beragua.com\/es\/wp-json\/wp\/v2\/users\/1"}],"replies":[{"embeddable":true,"href":"https:\/\/beragua.com\/es\/wp-json\/wp\/v2\/comments?post=751"}],"version-history":[{"count":1,"href":"https:\/\/beragua.com\/es\/wp-json\/wp\/v2\/pages\/751\/revisions"}],"predecessor-version":[{"id":752,"href":"https:\/\/beragua.com\/es\/wp-json\/wp\/v2\/pages\/751\/revisions\/752"}],"wp:attachment":[{"href":"https:\/\/beragua.com\/es\/wp-json\/wp\/v2\/media?parent=751"}],"curies":[{"name":"wp","href":"https:\/\/api.w.org\/{rel}","templated":true}]}}